{"id":512,"date":"2017-12-25T22:24:19","date_gmt":"2017-12-25T22:24:19","guid":{"rendered":"https:\/\/swissdentalstar.ch\/kariesbehandlungen-konservierende-zahnheilkunde"},"modified":"2021-01-16T09:11:03","modified_gmt":"2021-01-16T08:11:03","slug":"trattamenti-della-carie-odontoiatria-conservativa","status":"publish","type":"page","link":"https:\/\/swissdentalstar.ch\/it\/trattamenti-della-carie-odontoiatria-conservativa","title":{"rendered":"Trattamenti della carie &#038; Odontoiatria conservativa"},"content":{"rendered":"<p>La carie \u00e8 una malattia della struttura dentale. \u00c8 causata da batteri che si trovano nella cavit\u00e0 orale e possono depositarsi e moltiplicarsi nella placca dei denti. Questi batteri metabolizzano gli zuccheri degli alimenti che mangiamo e rilasciano acidi, che a loro volta ammorbidiscono (demineralizzano) lo smalto e poi la dentina. I batteri penetrano sempre pi\u00f9 in profondit\u00e0 nel dente. Se sono penetrati in prossimit\u00e0 dei &#8220;nervi&#8221; (polpa), il dente inizia ad essere sensibile al caldo e freddo e in seguito pu\u00f2 dare dolore. In una fase avanzata, il dente diventa anche sensibile durante la masticazione e agli urti. La carie inizia solitamente negli spazi interdentali e nelle scanalature e nelle fessure delle superfici occlusali dei denti posteriori. Per proteggere e prevenire la carie, \u00e8 necessario eseguire una regolare pulizia professionale dei denti, la sigillatura delle superfici occlusali, la fluorizzazione, ma soprattutto una regolare e accurata igiene orale a casa.<br \/><img loading=\"lazy\" decoding=\"async\" src=\"https:\/\/swissdentalstar.ch\/wp-content\/uploads\/2021\/01\/IMG_0230-1024x683.jpg\" alt=\"\" width=\"1024\" height=\"683\" class=\"alignnone size-large wp-image-632\" srcset=\"https:\/\/swissdentalstar.ch\/wp-content\/uploads\/2021\/01\/IMG_0230-1024x683.jpg 1024w, https:\/\/swissdentalstar.ch\/wp-content\/uploads\/2021\/01\/IMG_0230-300x200.jpg 300w, https:\/\/swissdentalstar.ch\/wp-content\/uploads\/2021\/01\/IMG_0230-768x512.jpg 768w, https:\/\/swissdentalstar.ch\/wp-content\/uploads\/2021\/01\/IMG_0230-1536x1024.jpg 1536w, https:\/\/swissdentalstar.ch\/wp-content\/uploads\/2021\/01\/IMG_0230-2048x1365.jpg 2048w\" sizes=\"auto, (max-width: 1024px) 100vw, 1024px\" \/><\/p>\n","protected":false},"excerpt":{"rendered":"<p>La carie \u00e8 una malattia della struttura dentale. \u00c8 causata da batteri che si trovano nella cavit\u00e0 orale e possono depositarsi e moltiplicarsi nella placca dei denti. Questi batteri metabolizzano gli zuccheri degli alimenti che mangiamo e rilasciano acidi, che a loro volta ammorbidiscono (demineralizzano) lo smalto e poi la dentina. I batteri penetrano sempre<a href=\"https:\/\/swissdentalstar.ch\/it\/trattamenti-della-carie-odontoiatria-conservativa\" class=\"read-more\">&nbsp; Continue Reading &raquo;<\/a><\/p>\n","protected":false},"author":3,"featured_media":0,"parent":0,"menu_order":0,"comment_status":"closed","ping_status":"closed","template":"","meta":{"_acf_changed":false,"footnotes":""},"class_list":["post-512","page","type-page","status-publish","hentry"],"acf":[],"_links":{"self":[{"href":"https:\/\/swissdentalstar.ch\/it\/wp-json\/wp\/v2\/pages\/512","targetHints":{"allow":["GET"]}}],"collection":[{"href":"https:\/\/swissdentalstar.ch\/it\/wp-json\/wp\/v2\/pages"}],"about":[{"href":"https:\/\/swissdentalstar.ch\/it\/wp-json\/wp\/v2\/types\/page"}],"author":[{"embeddable":true,"href":"https:\/\/swissdentalstar.ch\/it\/wp-json\/wp\/v2\/users\/3"}],"replies":[{"embeddable":true,"href":"https:\/\/swissdentalstar.ch\/it\/wp-json\/wp\/v2\/comments?post=512"}],"version-history":[{"count":3,"href":"https:\/\/swissdentalstar.ch\/it\/wp-json\/wp\/v2\/pages\/512\/revisions"}],"predecessor-version":[{"id":655,"href":"https:\/\/swissdentalstar.ch\/it\/wp-json\/wp\/v2\/pages\/512\/revisions\/655"}],"wp:attachment":[{"href":"https:\/\/swissdentalstar.ch\/it\/wp-json\/wp\/v2\/media?parent=512"}],"curies":[{"name":"wp","href":"https:\/\/api.w.org\/{rel}","templated":true}]}}